{"id":101,"date":"2015-12-14T20:20:39","date_gmt":"2015-12-14T18:20:39","guid":{"rendered":"http:\/\/www.savikulma.com\/korvensuu\/?page_id=101"},"modified":"2024-12-08T18:34:08","modified_gmt":"2024-12-08T16:34:08","slug":"yhteystiedot","status":"publish","type":"page","link":"https:\/\/www.savikulma.com\/korvensuu\/yhteystiedot\/","title":{"rendered":"Yhteystiedot"},"content":{"rendered":"<p><strong>Taina Numminen 0400-831134<br \/>\n<\/strong>Em\u00e4nt\u00e4<br \/>\nHarrastepuutarhuri ja -leipuri<br \/>\n<a href=\"mailto:savikulmantalli@gmail.com\">savikulmantalli@gmail.com<\/a><\/p>\n<p><strong>Antti Hakala 0400-517865<\/strong><br \/>\nRenkipoika<br \/>\nEr\u00e4- ja luonto-opas<br \/>\nRetkimestari<br \/>\n<a href=\"mailto:savikulmantalli@gmail.com\">savikulmantalli@gmail.com<\/a><\/p>\n<p><strong>Touko, pihakoira<\/strong><br \/>\nIs\u00e4nt\u00e4<br \/>\nAsiakkuusvastaava<br \/>\nmahdolliset huomautukset ja reklamaatiot<br \/>\n<a href=\"mailto:savikulmantalli@gmail.com\">savikulmantalli@gmail.com<\/a><\/p>\n<p><strong>Savikulman Talli<\/strong><\/p>\n<p><strong> Suorsalantie 40<\/strong><br \/>\n<strong>23100 Myn\u00e4m\u00e4ki<\/strong><br \/>\n<b>Finland<\/b><\/p>\n<p><a href=\"https:\/\/www.facebook.com\/Savikulma\" target=\"_blank\" rel=\"noopener\"><img decoding=\"async\" class=\"alignnone size-full\" title=\"Savikulma Facebookissa\" src=\"https:\/\/www.savikulma.com\/korvensuu\/wp-content\/uploads\/2017\/01\/facebook-icon.png\" alt=\"Savikulma Facebookissa\" \/><\/a> \u00a0 <a href=\"https:\/\/www.instagram.com\/tainanumminen\/\" target=\"_blank\" rel=\"noopener\"><img decoding=\"async\" class=\"alignnone size-full\" title=\"Savikulma Instagramissa\" src=\"https:\/\/www.savikulma.com\/korvensuu\/wp-content\/uploads\/2017\/01\/instagram-icon.png\" alt=\"Savikulma Instagramissa\" \/><\/a><\/p>\n<p><img loading=\"lazy\" decoding=\"async\" class=\"alignleft wp-image-1281 size-full\" title=\"Antti ja Taina Laajoella (Savikulma, Korvensuu)\" src=\"https:\/\/www.savikulma.com\/korvensuu\/wp-content\/uploads\/2023\/01\/Antti-ja-Taina-kanootissa-2023.jpg\" alt=\"\" width=\"565\" height=\"601\" srcset=\"https:\/\/www.savikulma.com\/korvensuu\/wp-content\/uploads\/2023\/01\/Antti-ja-Taina-kanootissa-2023.jpg 565w, https:\/\/www.savikulma.com\/korvensuu\/wp-content\/uploads\/2023\/01\/Antti-ja-Taina-kanootissa-2023-282x300.jpg 282w\" sizes=\"auto, (max-width: 565px) 100vw, 565px\" \/><\/p>\n<p><img loading=\"lazy\" decoding=\"async\" class=\"alignleft wp-image-1283 size-full\" title=\"Touko tarkkailee pihapiirin tapahtumia.\" src=\"https:\/\/www.savikulma.com\/korvensuu\/wp-content\/uploads\/2023\/01\/Touko-tarkkailee-2023.jpg\" alt=\"\" width=\"565\" height=\"497\" srcset=\"https:\/\/www.savikulma.com\/korvensuu\/wp-content\/uploads\/2023\/01\/Touko-tarkkailee-2023.jpg 565w, https:\/\/www.savikulma.com\/korvensuu\/wp-content\/uploads\/2023\/01\/Touko-tarkkailee-2023-300x264.jpg 300w, https:\/\/www.savikulma.com\/korvensuu\/wp-content\/uploads\/2023\/01\/Touko-tarkkailee-2023-341x300.jpg 341w\" sizes=\"auto, (max-width: 565px) 100vw, 565px\" \/><\/p>\n","protected":false},"excerpt":{"rendered":"<p>Taina Numminen 0400-831134 Em\u00e4nt\u00e4 Harrastepuutarhuri ja -leipuri savikulmantalli@gmail.com Antti Hakala 0400-517865 Renkipoika Er\u00e4- ja luonto-opas Retkimestari savikulmantalli@gmail.com Touko, pihakoira Is\u00e4nt\u00e4 Asiakkuusvastaava mahdolliset huomautukset ja reklamaatiot savikulmantalli@gmail.com Savikulman Talli Suorsalantie 40 23100 Myn\u00e4m\u00e4ki Finland \u00a0<\/p>\n","protected":false},"author":1,"featured_media":0,"parent":0,"menu_order":7,"comment_status":"closed","ping_status":"closed","template":"","meta":{"footnotes":""},"class_list":["post-101","page","type-page","status-publish","hentry"],"_links":{"self":[{"href":"https:\/\/www.savikulma.com\/korvensuu\/wp-json\/wp\/v2\/pages\/101","targetHints":{"allow":["GET"]}}],"collection":[{"href":"https:\/\/www.savikulma.com\/korvensuu\/wp-json\/wp\/v2\/pages"}],"about":[{"href":"https:\/\/www.savikulma.com\/korvensuu\/wp-json\/wp\/v2\/types\/page"}],"author":[{"embeddable":true,"href":"https:\/\/www.savikulma.com\/korvensuu\/wp-json\/wp\/v2\/users\/1"}],"replies":[{"embeddable":true,"href":"https:\/\/www.savikulma.com\/korvensuu\/wp-json\/wp\/v2\/comments?post=101"}],"version-history":[{"count":25,"href":"https:\/\/www.savikulma.com\/korvensuu\/wp-json\/wp\/v2\/pages\/101\/revisions"}],"predecessor-version":[{"id":1365,"href":"https:\/\/www.savikulma.com\/korvensuu\/wp-json\/wp\/v2\/pages\/101\/revisions\/1365"}],"wp:attachment":[{"href":"https:\/\/www.savikulma.com\/korvensuu\/wp-json\/wp\/v2\/media?parent=101"}],"curies":[{"name":"wp","href":"https:\/\/api.w.org\/{rel}","templated":true}]}}