{"id":1244,"date":"2022-09-25T15:16:56","date_gmt":"2022-09-25T12:16:56","guid":{"rendered":"http:\/\/www.savikulma.com\/korvensuu\/?page_id=1244"},"modified":"2024-03-14T14:29:03","modified_gmt":"2024-03-14T12:29:03","slug":"retket","status":"publish","type":"page","link":"https:\/\/www.savikulma.com\/korvensuu\/retket\/","title":{"rendered":"Retket"},"content":{"rendered":"<h1>Yhdeks\u00e4n sillan py\u00f6r\u00e4retki:<\/h1>\n<p>Tunnelmallinen py\u00f6r\u00e4reitti maalaismaisemassa, noin 14 kilometri\u00e4. Reitti kiert\u00e4\u00e4 yhdeks\u00e4n sillan kautta yli Laajoen<\/p>\n<p><a href=\"https:\/\/maps.app.goo.gl\/EwKoPexfmzCUbjDx8?g_st=iw\" target=\"_blank\" rel=\"noopener\">Katso reitti kartalta<\/a><\/p>\n<p><img loading=\"lazy\" decoding=\"async\" class=\"alignleft wp-image-1285 size-full\" title=\"Samettiruusujen hehkua Savikulmalla\" src=\"https:\/\/www.savikulma.com\/korvensuu\/wp-content\/uploads\/2023\/01\/Savikulma-samettiruusut-2023.jpg\" alt=\"\" width=\"600\" height=\"800\" srcset=\"https:\/\/www.savikulma.com\/korvensuu\/wp-content\/uploads\/2023\/01\/Savikulma-samettiruusut-2023.jpg 600w, https:\/\/www.savikulma.com\/korvensuu\/wp-content\/uploads\/2023\/01\/Savikulma-samettiruusut-2023-225x300.jpg 225w\" sizes=\"auto, (max-width: 600px) 100vw, 600px\" \/><\/p>\n","protected":false},"excerpt":{"rendered":"<p>Yhdeks\u00e4n sillan py\u00f6r\u00e4retki: Tunnelmallinen py\u00f6r\u00e4reitti maalaismaisemassa, noin 14 kilometri\u00e4. Reitti kiert\u00e4\u00e4 yhdeks\u00e4n sillan kautta yli Laajoen Katso reitti kartalta<\/p>\n","protected":false},"author":2,"featured_media":0,"parent":0,"menu_order":5,"comment_status":"closed","ping_status":"closed","template":"","meta":{"footnotes":""},"class_list":["post-1244","page","type-page","status-publish","hentry"],"_links":{"self":[{"href":"https:\/\/www.savikulma.com\/korvensuu\/wp-json\/wp\/v2\/pages\/1244","targetHints":{"allow":["GET"]}}],"collection":[{"href":"https:\/\/www.savikulma.com\/korvensuu\/wp-json\/wp\/v2\/pages"}],"about":[{"href":"https:\/\/www.savikulma.com\/korvensuu\/wp-json\/wp\/v2\/types\/page"}],"author":[{"embeddable":true,"href":"https:\/\/www.savikulma.com\/korvensuu\/wp-json\/wp\/v2\/users\/2"}],"replies":[{"embeddable":true,"href":"https:\/\/www.savikulma.com\/korvensuu\/wp-json\/wp\/v2\/comments?post=1244"}],"version-history":[{"count":9,"href":"https:\/\/www.savikulma.com\/korvensuu\/wp-json\/wp\/v2\/pages\/1244\/revisions"}],"predecessor-version":[{"id":1315,"href":"https:\/\/www.savikulma.com\/korvensuu\/wp-json\/wp\/v2\/pages\/1244\/revisions\/1315"}],"wp:attachment":[{"href":"https:\/\/www.savikulma.com\/korvensuu\/wp-json\/wp\/v2\/media?parent=1244"}],"curies":[{"name":"wp","href":"https:\/\/api.w.org\/{rel}","templated":true}]}}