{"id":167,"date":"2016-03-30T20:57:20","date_gmt":"2016-03-30T17:57:20","guid":{"rendered":"http:\/\/www.savikulma.com\/korvensuu\/?page_id=167"},"modified":"2026-03-28T13:11:23","modified_gmt":"2026-03-28T11:11:23","slug":"tallikahvila","status":"publish","type":"page","link":"https:\/\/www.savikulma.com\/korvensuu\/tallikahvila\/","title":{"rendered":"Puutarhakahvila"},"content":{"rendered":"<p><strong>Puutarhakahvila on auki sunnuntaisin klo 11-14<\/strong><\/p>\n<ul>\n<li><strong>5.7., 12.7., 19.7. ja 30.8.26<\/strong><\/li>\n<\/ul>\n<p style=\"text-align: left;\">\nSavikulman puutarhakahvila palvelee tilauksesta\u00a0 ryhmille. Tarjoamme kotona leivottuja, herkullisia leivonnaisia sek\u00e4 makeina ett\u00e4 suolaisina vaihtoehtoina. Leivonnaisemme ovat aina laktoosittomia ja tilattaessa on mahdollista saada gluteeniton vaihtoehto.<\/p>\n<p>Pyyd\u00e4 tarjous ryhm\u00e4si herkkuhetke\u00e4 varten!<\/p>\n<p>Esimerkkihintoja 2026:<br \/>\nPuutarhavierailu + kahvi ja makea leivonnainen 10,00\/hl\u00f6. Min. 20 henkil\u00f6n ryhm\u00e4. Kesto noin 1,5 tuntia.<\/p>\n<p>Isommille ryhmille teemme tarjouksen.<\/p>\n<p>Tervetuloa nautiskelemaan kahvilamme\u00a0antimista tunnelmalliseen puutarhaamme! \ud83d\ude00<\/p>\n<div id=\"attachment_410\" style=\"width: 710px\" class=\"wp-caption aligncenter\"><img loading=\"lazy\" decoding=\"async\" aria-describedby=\"caption-attachment-410\" class=\"wp-image-410 size-full\" title=\"Puolukkapiirakka, avioliiton pelastaja :-D\" src=\"https:\/\/www.savikulma.com\/korvensuu\/wp-content\/uploads\/2016\/03\/puolukkapiirakka.jpg\" width=\"700\" height=\"522\" srcset=\"https:\/\/www.savikulma.com\/korvensuu\/wp-content\/uploads\/2016\/03\/puolukkapiirakka.jpg 700w, https:\/\/www.savikulma.com\/korvensuu\/wp-content\/uploads\/2016\/03\/puolukkapiirakka-300x224.jpg 300w, https:\/\/www.savikulma.com\/korvensuu\/wp-content\/uploads\/2016\/03\/puolukkapiirakka-402x300.jpg 402w\" sizes=\"auto, (max-width: 700px) 100vw, 700px\" \/><p id=\"caption-attachment-410\" class=\"wp-caption-text\">Ihana puolukkapiirakka, avioliiton pelastaja \ud83d\ude00<\/p><\/div>\n","protected":false},"excerpt":{"rendered":"<p>Puutarhakahvila on auki sunnuntaisin klo 11-14 5.7., 12.7., 19.7. ja 30.8.26 Savikulman puutarhakahvila palvelee tilauksesta\u00a0 ryhmille. Tarjoamme kotona leivottuja, herkullisia leivonnaisia sek\u00e4 makeina ett\u00e4 suolaisina vaihtoehtoina. Leivonnaisemme ovat aina laktoosittomia ja tilattaessa on mahdollista saada gluteeniton vaihtoehto. Pyyd\u00e4 tarjous ryhm\u00e4si &hellip; <a href=\"https:\/\/www.savikulma.com\/korvensuu\/tallikahvila\/\">Lue loppuun <span class=\"meta-nav\">&rarr;<\/span><\/a><\/p>\n","protected":false},"author":3,"featured_media":1211,"parent":0,"menu_order":2,"comment_status":"closed","ping_status":"closed","template":"","meta":{"footnotes":""},"class_list":["post-167","page","type-page","status-publish","has-post-thumbnail","hentry"],"_links":{"self":[{"href":"https:\/\/www.savikulma.com\/korvensuu\/wp-json\/wp\/v2\/pages\/167","targetHints":{"allow":["GET"]}}],"collection":[{"href":"https:\/\/www.savikulma.com\/korvensuu\/wp-json\/wp\/v2\/pages"}],"about":[{"href":"https:\/\/www.savikulma.com\/korvensuu\/wp-json\/wp\/v2\/types\/page"}],"author":[{"embeddable":true,"href":"https:\/\/www.savikulma.com\/korvensuu\/wp-json\/wp\/v2\/users\/3"}],"replies":[{"embeddable":true,"href":"https:\/\/www.savikulma.com\/korvensuu\/wp-json\/wp\/v2\/comments?post=167"}],"version-history":[{"count":19,"href":"https:\/\/www.savikulma.com\/korvensuu\/wp-json\/wp\/v2\/pages\/167\/revisions"}],"predecessor-version":[{"id":1429,"href":"https:\/\/www.savikulma.com\/korvensuu\/wp-json\/wp\/v2\/pages\/167\/revisions\/1429"}],"wp:featuredmedia":[{"embeddable":true,"href":"https:\/\/www.savikulma.com\/korvensuu\/wp-json\/wp\/v2\/media\/1211"}],"wp:attachment":[{"href":"https:\/\/www.savikulma.com\/korvensuu\/wp-json\/wp\/v2\/media?parent=167"}],"curies":[{"name":"wp","href":"https:\/\/api.w.org\/{rel}","templated":true}]}}