{"id":2,"date":"2013-08-17T11:03:48","date_gmt":"2013-08-17T08:03:48","guid":{"rendered":"http:\/\/www.savikulma.com\/korvensuu\/?page_id=2"},"modified":"2026-03-28T10:15:23","modified_gmt":"2026-03-28T08:15:23","slug":"esimerkkisivu","status":"publish","type":"page","link":"https:\/\/www.savikulma.com\/korvensuu\/","title":{"rendered":"Tervetuloa!"},"content":{"rendered":"<p><b>Tervetuloa Savikulman kotisivuille!<\/b><\/p>\n<p><strong>Puutarhakahvila on auki sunnuntaisin klo 11-14<\/strong><\/p>\n<ul>\n<li><strong>5.7., 12.7., 19.7. ja 30.8.26<\/strong><\/li>\n<\/ul>\n<p><strong><span style=\"-webkit-tap-highlight-color: rgba(0, 0, 0, 0);\">\ud83c\udf38<\/span>Tarjoamme Aamiaismajoitusta\ud83c\udf38\u00a0<\/strong><\/p>\n<p>\ud83c\udf38\u00a0<b>We offer bed and breakfast\ud83c\udf38<\/b><\/p>\n<p>puh.\/phone\/WA +358 400 831134<\/p>\n<p><strong>Lue lis\u00e4\u00e4\/\ud83c\uddec\ud83c\udde7 read more on Vuokrattavana\/B&amp;B-v\u00e4lilehdelt\u00e4<\/strong><\/p>\n<p>Kauppamme on auki ymp\u00e4ri vuoden! Ota yhteytt\u00e4 <a href=\"mailto:savikulmantalli@gmail.com\">savikulmantalli@gmail.com<\/a>, kiitos.<\/p>\n<p>Olemme my\u00f6s<strong> <a href=\"https:\/\/www.facebook.com\/Savikulma\" target=\"_blank\" rel=\"noopener noreferrer\">Facebookissa<\/a><\/strong>. Katso sielt\u00e4 viimeisimm\u00e4t kuulumiset.<\/p>\n<p><strong>Myymme n\u00e4it\u00e4 tuotteita:<\/strong><\/p>\n<p><a href=\"https:\/\/www.savikulma.com\/korvensuu\/myytavana\/kupilka-retkeilyastiat\/\">Kupilka-retkeilyastiat, kokoontaittuvat puukot ja tulustikku<\/a><\/p>\n<p><img loading=\"lazy\" decoding=\"async\" class=\"alignleft wp-image-1295 size-full\" title=\"Welcome Cyclist \u2013 Tervetuloa py\u00f6r\u00e4ilij\u00e4\" src=\"https:\/\/www.savikulma.com\/korvensuu\/wp-content\/uploads\/2023\/05\/BIKELAND_welcomecyclist.png\" alt=\"\" width=\"200\" height=\"200\" srcset=\"https:\/\/www.savikulma.com\/korvensuu\/wp-content\/uploads\/2023\/05\/BIKELAND_welcomecyclist.png 200w, https:\/\/www.savikulma.com\/korvensuu\/wp-content\/uploads\/2023\/05\/BIKELAND_welcomecyclist-150x150.png 150w\" sizes=\"auto, (max-width: 200px) 100vw, 200px\" \/><\/p>\n<p>&nbsp;<\/p>\n","protected":false},"excerpt":{"rendered":"<p>Tervetuloa Savikulman kotisivuille! Puutarhakahvila on auki sunnuntaisin klo 11-14 5.7., 12.7., 19.7. ja 30.8.26 \ud83c\udf38Tarjoamme Aamiaismajoitusta\ud83c\udf38\u00a0 \ud83c\udf38\u00a0We offer bed and breakfast\ud83c\udf38 puh.\/phone\/WA +358 400 831134 Lue lis\u00e4\u00e4\/\ud83c\uddec\ud83c\udde7 read more on Vuokrattavana\/B&amp;B-v\u00e4lilehdelt\u00e4 Kauppamme on auki ymp\u00e4ri vuoden! Ota yhteytt\u00e4 savikulmantalli@gmail.com, kiitos. &hellip; <a href=\"https:\/\/www.savikulma.com\/korvensuu\/\">Lue loppuun <span class=\"meta-nav\">&rarr;<\/span><\/a><\/p>\n","protected":false},"author":1,"featured_media":0,"parent":0,"menu_order":0,"comment_status":"open","ping_status":"closed","template":"sidebar-page.php","meta":{"footnotes":""},"class_list":["post-2","page","type-page","status-publish","hentry"],"_links":{"self":[{"href":"https:\/\/www.savikulma.com\/korvensuu\/wp-json\/wp\/v2\/pages\/2","targetHints":{"allow":["GET"]}}],"collection":[{"href":"https:\/\/www.savikulma.com\/korvensuu\/wp-json\/wp\/v2\/pages"}],"about":[{"href":"https:\/\/www.savikulma.com\/korvensuu\/wp-json\/wp\/v2\/types\/page"}],"author":[{"embeddable":true,"href":"https:\/\/www.savikulma.com\/korvensuu\/wp-json\/wp\/v2\/users\/1"}],"replies":[{"embeddable":true,"href":"https:\/\/www.savikulma.com\/korvensuu\/wp-json\/wp\/v2\/comments?post=2"}],"version-history":[{"count":167,"href":"https:\/\/www.savikulma.com\/korvensuu\/wp-json\/wp\/v2\/pages\/2\/revisions"}],"predecessor-version":[{"id":1428,"href":"https:\/\/www.savikulma.com\/korvensuu\/wp-json\/wp\/v2\/pages\/2\/revisions\/1428"}],"wp:attachment":[{"href":"https:\/\/www.savikulma.com\/korvensuu\/wp-json\/wp\/v2\/media?parent=2"}],"curies":[{"name":"wp","href":"https:\/\/api.w.org\/{rel}","templated":true}]}}