{"id":265,"date":"2017-01-18T15:12:55","date_gmt":"2017-01-18T13:12:55","guid":{"rendered":"http:\/\/www.savikulma.com\/korvensuu\/?page_id=265"},"modified":"2025-01-27T11:13:15","modified_gmt":"2025-01-27T09:13:15","slug":"kupilka-retkeilyastiat","status":"publish","type":"page","link":"https:\/\/www.savikulma.com\/korvensuu\/myytavana\/kupilka-retkeilyastiat\/","title":{"rendered":"KUPILKA-retkeilyastiat"},"content":{"rendered":"<p>Kevyt ja kest\u00e4v\u00e4 KUPILKA<sup>\u00ae<\/sup> on retkeilij\u00e4n, m\u00f6kkeilij\u00e4n ja luonnossaliikkujan paras kaveri. Kupilkasta maistuu yht\u00e4 hyvin aamukahvi pihalla kuin retkilounas luonnon helmassa tai iltatee laiturilla auringonlaskua ihaillen. Pakkasta Kupilka kest\u00e4\u00e4 per\u00e4ti -30 asteeseen asti, joten hiihtoretkell\u00e4kin Kupilka on astia paikallaan.<\/p>\n<p>Kupilka-tuoteperheeseen kuuluvat astiat, kuten kupit, lautaset, soppakulho ja aterimet, samoin kokoontaittuvat retkipuukot ja tulustikku. Kupilka-astioissa v\u00e4rivaihtoehtoja on viisi kaunista luonnonv\u00e4ri\u00e4: l\u00e4mpim\u00e4n ruskea original, pehme\u00e4sti punertava karpalo, kes\u00e4isesti vihert\u00e4v\u00e4 havu, mystisen sininen mustikka ja j\u00e4nnitt\u00e4v\u00e4n mustanharmaa kelo.<\/p>\n<p><img loading=\"lazy\" decoding=\"async\" class=\"alignleft wp-image-356 size-full\" title=\"Kupilka-retkeilyastiat edullisesti Savikulman tallista\" src=\"https:\/\/www.savikulma.com\/korvensuu\/wp-content\/uploads\/2017\/01\/Kupilka-retkeilyastiat-Savikulman-talli.jpg\" width=\"735\" height=\"500\" srcset=\"https:\/\/www.savikulma.com\/korvensuu\/wp-content\/uploads\/2017\/01\/Kupilka-retkeilyastiat-Savikulman-talli.jpg 735w, https:\/\/www.savikulma.com\/korvensuu\/wp-content\/uploads\/2017\/01\/Kupilka-retkeilyastiat-Savikulman-talli-300x204.jpg 300w, https:\/\/www.savikulma.com\/korvensuu\/wp-content\/uploads\/2017\/01\/Kupilka-retkeilyastiat-Savikulman-talli-441x300.jpg 441w\" sizes=\"auto, (max-width: 735px) 100vw, 735px\" \/><\/p>\n<p>Kupilka-astiat valmistetaan Kareline<sup>\u00ae<\/sup>-luonnonkuitukomposiitista, jossa yhdistyv\u00e4t m\u00e4ntykuidun (50 %) ja elintarvikemuovin (50 %) parhaat ominaisuudet. Kupilka kest\u00e4\u00e4 hyvin kuumia ruokia ja juomia, ja puun tavoin se ei polta sormia eik\u00e4 suuta. Muovin ansiosta Kupilka on kuitenkin huomattavasti kest\u00e4v\u00e4mpi kuin pelkk\u00e4 puuaines. Kupilka-tuotteet voi pest\u00e4 niin k\u00e4sin kuin astianpesukoneessa.<br \/>\nLapsillekin Kupilka on kiva astia, sill\u00e4 se ei mene rikki, vaikka vahingossa tipahtaisikin lattialle. Kupilka 12 junior on lapsen k\u00e4teen sopiva kuksakuppi!<\/p>\n<p><strong>Lahjaksi<\/strong><br \/>\nKupilka on mainio ja mieleinen lahja. Jos haluaa lahjasta viel\u00e4 persoonallisemman, voimme kaivertaa siihen vaikkapa lahjansaajan tai yrityksen nimen. KUPILKA-tuotteita on mahdollista ostaa my\u00f6s lahjapakkauksissa.<\/p>\n<p><img loading=\"lazy\" decoding=\"async\" class=\"alignleft wp-image-358 size-full\" title=\"Nimikaiverrus tekee Kupilkasta persoonallisen lahjan.\" src=\"https:\/\/www.savikulma.com\/korvensuu\/wp-content\/uploads\/2017\/01\/Kupilka-snapsikuppi-kaiverruksella.jpg\" width=\"735\" height=\"377\" srcset=\"https:\/\/www.savikulma.com\/korvensuu\/wp-content\/uploads\/2017\/01\/Kupilka-snapsikuppi-kaiverruksella.jpg 735w, https:\/\/www.savikulma.com\/korvensuu\/wp-content\/uploads\/2017\/01\/Kupilka-snapsikuppi-kaiverruksella-300x154.jpg 300w, https:\/\/www.savikulma.com\/korvensuu\/wp-content\/uploads\/2017\/01\/Kupilka-snapsikuppi-kaiverruksella-500x256.jpg 500w\" sizes=\"auto, (max-width: 735px) 100vw, 735px\" \/><\/p>\n<p><strong>Kupilka-tuotteiden hinnasto 2025 <\/strong><strong><a href=\"https:\/\/www.savikulma.com\/korvensuu\/myytavana\/kupilka-retkeilyastiat\/kupilka-hinnasto\/\">omalla sivullaan<\/a>.<\/strong><\/p>\n<p><img loading=\"lazy\" decoding=\"async\" class=\"alignleft wp-image-704 size-full\" title=\"Savikulman markkinointiassistentti ja aktiviteettivastaava Touko tarkastaa Wirmon Dog Show 2019:n palkinto-Kupilkat.\" src=\"https:\/\/www.savikulma.com\/korvensuu\/wp-content\/uploads\/2019\/05\/Touko-ja-Wirmo-dog-show-Kupilka.jpg\" alt=\"\" width=\"735\" height=\"551\" srcset=\"https:\/\/www.savikulma.com\/korvensuu\/wp-content\/uploads\/2019\/05\/Touko-ja-Wirmo-dog-show-Kupilka.jpg 735w, https:\/\/www.savikulma.com\/korvensuu\/wp-content\/uploads\/2019\/05\/Touko-ja-Wirmo-dog-show-Kupilka-300x225.jpg 300w, https:\/\/www.savikulma.com\/korvensuu\/wp-content\/uploads\/2019\/05\/Touko-ja-Wirmo-dog-show-Kupilka-400x300.jpg 400w\" sizes=\"auto, (max-width: 735px) 100vw, 735px\" \/><\/p>\n<p><em>Savikulman markkinointiassistentti ja aktiviteettivastaava Touko tarkastaa Wirmon Dog Show 2019:n palkinto-Kupilkat. Hyv\u00e4lt\u00e4 n\u00e4ytt\u00e4\u00e4!<\/em><\/p>\n<p><strong>Virallinen Kupilka-j\u00e4lleenmyyj\u00e4:<\/strong><br \/>\n<strong> Savikulman talli<\/strong><br \/>\n<strong> Suorsalantie 40, 23100 Myn\u00e4m\u00e4ki<\/strong><br \/>\n<a href=\"mailto:savikulmantalli@gmail.com\"><strong> savikulmantalli@gmail.com<\/strong><\/a><br \/>\n<strong> 0400-517865<\/strong><\/p>\n","protected":false},"excerpt":{"rendered":"<p>Kevyt ja kest\u00e4v\u00e4 KUPILKA\u00ae on retkeilij\u00e4n, m\u00f6kkeilij\u00e4n ja luonnossaliikkujan paras kaveri. Kupilkasta maistuu yht\u00e4 hyvin aamukahvi pihalla kuin retkilounas luonnon helmassa tai iltatee laiturilla auringonlaskua ihaillen. Pakkasta Kupilka kest\u00e4\u00e4 per\u00e4ti -30 asteeseen asti, joten hiihtoretkell\u00e4kin Kupilka on astia paikallaan. Kupilka-tuoteperheeseen &hellip; <a href=\"https:\/\/www.savikulma.com\/korvensuu\/myytavana\/kupilka-retkeilyastiat\/\">Lue loppuun <span class=\"meta-nav\">&rarr;<\/span><\/a><\/p>\n","protected":false},"author":1,"featured_media":268,"parent":30,"menu_order":0,"comment_status":"closed","ping_status":"closed","template":"","meta":{"footnotes":""},"class_list":["post-265","page","type-page","status-publish","has-post-thumbnail","hentry"],"_links":{"self":[{"href":"https:\/\/www.savikulma.com\/korvensuu\/wp-json\/wp\/v2\/pages\/265","targetHints":{"allow":["GET"]}}],"collection":[{"href":"https:\/\/www.savikulma.com\/korvensuu\/wp-json\/wp\/v2\/pages"}],"about":[{"href":"https:\/\/www.savikulma.com\/korvensuu\/wp-json\/wp\/v2\/types\/page"}],"author":[{"embeddable":true,"href":"https:\/\/www.savikulma.com\/korvensuu\/wp-json\/wp\/v2\/users\/1"}],"replies":[{"embeddable":true,"href":"https:\/\/www.savikulma.com\/korvensuu\/wp-json\/wp\/v2\/comments?post=265"}],"version-history":[{"count":38,"href":"https:\/\/www.savikulma.com\/korvensuu\/wp-json\/wp\/v2\/pages\/265\/revisions"}],"predecessor-version":[{"id":1423,"href":"https:\/\/www.savikulma.com\/korvensuu\/wp-json\/wp\/v2\/pages\/265\/revisions\/1423"}],"up":[{"embeddable":true,"href":"https:\/\/www.savikulma.com\/korvensuu\/wp-json\/wp\/v2\/pages\/30"}],"wp:featuredmedia":[{"embeddable":true,"href":"https:\/\/www.savikulma.com\/korvensuu\/wp-json\/wp\/v2\/media\/268"}],"wp:attachment":[{"href":"https:\/\/www.savikulma.com\/korvensuu\/wp-json\/wp\/v2\/media?parent=265"}],"curies":[{"name":"wp","href":"https:\/\/api.w.org\/{rel}","templated":true}]}}