{"id":27,"date":"2015-03-30T22:26:22","date_gmt":"2015-03-30T19:26:22","guid":{"rendered":"http:\/\/www.savikulma.com\/korvensuu\/?page_id=27"},"modified":"2026-04-24T17:24:13","modified_gmt":"2026-04-24T14:24:13","slug":"vuokrattavana","status":"publish","type":"page","link":"https:\/\/www.savikulma.com\/korvensuu\/vuokrattavana\/","title":{"rendered":"Vuokrattavana\ud83c\uddeb\ud83c\uddee \/ B&#038;B\ud83c\uddec\ud83c\udde7"},"content":{"rendered":"<p style=\"padding-left: 40px;\">\ud83c\uddeb\ud83c\uddee\ud83c\uddeb\ud83c\uddee\ud83c\uddeb\ud83c\uddee\ud83c\uddeb\ud83c\uddee\ud83c\uddeb\ud83c\uddee\ud83c\uddeb\ud83c\uddee\ud83c\uddeb\ud83c\uddee\ud83c\uddeb\ud83c\uddee\ud83c\uddeb\ud83c\uddee\ud83c\uddeb\ud83c\uddee\ud83c\uddeb\ud83c\uddee\ud83c\uddeb\ud83c\uddee\ud83c\uddeb\ud83c\uddee\ud83c\uddeb\ud83c\uddee\ud83c\uddeb\ud83c\uddee\ud83c\uddeb\ud83c\uddee\ud83c\uddeb\ud83c\uddee\ud83c\uddeb\ud83c\uddee\ud83c\uddeb\ud83c\uddee\ud83c\uddeb\ud83c\uddee\ud83c\uddeb\ud83c\uddee<\/p>\n<p>Tarjoamme aamiaismajoitusta m\u00f6kill\u00e4mme Myn\u00e4m\u00e4ell\u00e4. 15 vuoden remontoinnin ja rakkaudella mietittyjen tilojen my\u00f6t\u00e4 t\u00e4st\u00e4 yli 110 vuotta vanhasta entisest\u00e4 hevostallista on tullut kotoisa ja viihtyis\u00e4 majoitustila.<\/p>\n<p>Vuokrattavana on kaksi vierashuonetta:<\/p>\n<p>&#8211; <strong>kes\u00e4huone<\/strong>, jossa tilaa enint\u00e4\u00e4n 3 henkil\u00f6lle (2+1)<br \/>\n&#8211; <strong>talvihuone<\/strong>, johon voi majoittua enint\u00e4\u00e4n 4 henkil\u00f6\u00e4 (2+1-2)<\/p>\n<p>Kysy erikoishintaa yhden hengen y\u00f6pymiseen!<\/p>\n<p>Hirsisaunamne on ainutlaatuinen kokemus ja voit nauttia siit\u00e4 pulahtamalla v\u00e4lill\u00e4 jokeen uimaan tai vilvoittelemalla kauniissa puutarhassamme.<\/p>\n<p>Hintaan sis\u00e4ltyy runsas aamiainen, liinavaatteet ja pyyhkeet.<\/p>\n<p>Hinnat 90-139 euroa\/y\u00f6<\/p>\n<p>Varaa majoitus:<\/p>\n<p>phone\/ WhatsApp +358 400 831134, Taina<br \/>\nemail savikulmantalli@gmail.com<br \/>\n<a href=\"https:\/\/m.facebook.com\/Savikulma\/\">https:\/\/m.facebook.com\/Savikulma\/<\/a><\/p>\n<p>\ud83c\uddec\ud83c\udde7\ud83c\uddec\ud83c\udde7\ud83c\uddec\ud83c\udde7\ud83c\uddec\ud83c\udde7\ud83c\uddec\ud83c\udde7\ud83c\uddec\ud83c\udde7\ud83c\uddec\ud83c\udde7\ud83c\uddec\ud83c\udde7\ud83c\uddec\ud83c\udde7\ud83c\uddec\ud83c\udde7\ud83c\uddec\ud83c\udde7\ud83c\uddec\ud83c\udde7\ud83c\uddec\ud83c\udde7\ud83c\uddec\ud83c\udde7\ud83c\uddec\ud83c\udde7\ud83c\uddec\ud83c\udde7\ud83c\uddec\ud83c\udde7\ud83c\uddec\ud83c\udde7\ud83c\uddec\ud83c\udde7\ud83c\uddec\ud83c\udde7<\/p>\n<p>Please come visit us at our country home.<\/p>\n<p>After 15 years of renovating and tender loving care, this 110 years old horse stable is now newborn as beautiful cosy bed and breakfast.<\/p>\n<p>We offer two guest rooms:<\/p>\n<p>&#8211; the <strong>summer room<\/strong> which can accomodate up to 3 guests (2+1)<br \/>\n&#8211; the <strong>winter room<\/strong> suitable up to 4 guests (2+1-2)<\/p>\n<p>Travelling \u00a0single? Ask for a special price!<\/p>\n<p>Our wood sauna is one of a kind and you will enjoy it along with a swim in the river and spacious garden.<\/p>\n<p>Delicious breakfast and bed linen whit towels are included in price.<\/p>\n<p>Price range 90-139 euros\/night.<\/p>\n<p>Book directly with us:<\/p>\n<p>phone\/ WhatsApp +358 400 831134, Taina<br \/>\nemail savikulmantalli@gmail.com<br \/>\n<a href=\"https:\/\/m.facebook.com\/Savikulma\/\">https:\/\/m.facebook.com\/Savikulma\/<\/a><\/p>\n<p><strong>Tavaran vuokrausta:<\/strong><\/p>\n<p><strong>Intiaanikanootti + pelastusliivit<\/strong> 25,-\/6 tuntia, 35,-\/vrk (meill\u00e4 on 2 kanoottia)<\/p>\n<p><strong>Polkupy\u00f6ri\u00e4<\/strong> <a href=\"https:\/\/www.savikulma.com\/korvensuu\/2016\/04\/16\/yhdeksan-sillan-pyoraretki\/\">yhdeks\u00e4n sillan retke\u00e4 varten<\/a><\/p>\n<p><strong>Biolan Icelett- <\/strong>j\u00e4\u00e4dytt\u00e4v\u00e4 WC 60,00\/viikko tai 60,00\/viikonloppu pe-su<\/p>\n<p><a href=\"https:\/\/www.savikulma.com\/korvensuu\/yhteystiedot\/\">Kysy lis\u00e4tietoja!<\/a><\/p>\n<p><img loading=\"lazy\" decoding=\"async\" class=\"alignleft wp-image-1276 size-full\" title=\"Savikulman kodikas kes\u00e4huone Myn\u00e4m\u00e4en Korvensuussa\" src=\"https:\/\/www.savikulma.com\/korvensuu\/wp-content\/uploads\/2024\/07\/kesahuone-2024.jpg\" alt=\"Kes\u00e4huone Savikulma Korvensuu\" width=\"550\" height=\"550\" \/><\/p>\n<p><img loading=\"lazy\" decoding=\"async\" class=\"alignleft wp-image-1278 size-full\" title=\"Talvihuone B&amp;B-majoitukseen Savikulmalla Korvensuussa\" src=\"https:\/\/www.savikulma.com\/korvensuu\/wp-content\/uploads\/2024\/07\/talvihuone-2024-1.jpg\" alt=\"Talvihuone Savikulma Korvensuu\" width=\"550\" height=\"550\" \/><\/p>\n","protected":false},"excerpt":{"rendered":"<p>\ud83c\uddeb\ud83c\uddee\ud83c\uddeb\ud83c\uddee\ud83c\uddeb\ud83c\uddee\ud83c\uddeb\ud83c\uddee\ud83c\uddeb\ud83c\uddee\ud83c\uddeb\ud83c\uddee\ud83c\uddeb\ud83c\uddee\ud83c\uddeb\ud83c\uddee\ud83c\uddeb\ud83c\uddee\ud83c\uddeb\ud83c\uddee\ud83c\uddeb\ud83c\uddee\ud83c\uddeb\ud83c\uddee\ud83c\uddeb\ud83c\uddee\ud83c\uddeb\ud83c\uddee\ud83c\uddeb\ud83c\uddee\ud83c\uddeb\ud83c\uddee\ud83c\uddeb\ud83c\uddee\ud83c\uddeb\ud83c\uddee\ud83c\uddeb\ud83c\uddee\ud83c\uddeb\ud83c\uddee\ud83c\uddeb\ud83c\uddee Tarjoamme aamiaismajoitusta m\u00f6kill\u00e4mme Myn\u00e4m\u00e4ell\u00e4. 15 vuoden remontoinnin ja rakkaudella mietittyjen tilojen my\u00f6t\u00e4 t\u00e4st\u00e4 yli 110 vuotta vanhasta entisest\u00e4 hevostallista on tullut kotoisa ja viihtyis\u00e4 majoitustila. Vuokrattavana on kaksi vierashuonetta: &#8211; kes\u00e4huone, jossa tilaa enint\u00e4\u00e4n 3 henkil\u00f6lle (2+1) &#8211; talvihuone, &hellip; <a href=\"https:\/\/www.savikulma.com\/korvensuu\/vuokrattavana\/\">Lue loppuun <span class=\"meta-nav\">&rarr;<\/span><\/a><\/p>\n","protected":false},"author":1,"featured_media":0,"parent":0,"menu_order":4,"comment_status":"open","ping_status":"open","template":"","meta":{"footnotes":""},"class_list":["post-27","page","type-page","status-publish","hentry"],"_links":{"self":[{"href":"https:\/\/www.savikulma.com\/korvensuu\/wp-json\/wp\/v2\/pages\/27","targetHints":{"allow":["GET"]}}],"collection":[{"href":"https:\/\/www.savikulma.com\/korvensuu\/wp-json\/wp\/v2\/pages"}],"about":[{"href":"https:\/\/www.savikulma.com\/korvensuu\/wp-json\/wp\/v2\/types\/page"}],"author":[{"embeddable":true,"href":"https:\/\/www.savikulma.com\/korvensuu\/wp-json\/wp\/v2\/users\/1"}],"replies":[{"embeddable":true,"href":"https:\/\/www.savikulma.com\/korvensuu\/wp-json\/wp\/v2\/comments?post=27"}],"version-history":[{"count":84,"href":"https:\/\/www.savikulma.com\/korvensuu\/wp-json\/wp\/v2\/pages\/27\/revisions"}],"predecessor-version":[{"id":1433,"href":"https:\/\/www.savikulma.com\/korvensuu\/wp-json\/wp\/v2\/pages\/27\/revisions\/1433"}],"wp:attachment":[{"href":"https:\/\/www.savikulma.com\/korvensuu\/wp-json\/wp\/v2\/media?parent=27"}],"curies":[{"name":"wp","href":"https:\/\/api.w.org\/{rel}","templated":true}]}}