{"id":30,"date":"2015-04-04T23:49:03","date_gmt":"2015-04-04T20:49:03","guid":{"rendered":"http:\/\/www.savikulma.com\/korvensuu\/?page_id=30"},"modified":"2025-09-01T16:18:15","modified_gmt":"2025-09-01T13:18:15","slug":"myytavana","status":"publish","type":"page","link":"https:\/\/www.savikulma.com\/korvensuu\/myytavana\/","title":{"rendered":"Myyt\u00e4v\u00e4n\u00e4"},"content":{"rendered":"<p><strong>Myymme n\u00e4it\u00e4 tuotteita:<\/strong><\/p>\n<p><a href=\"https:\/\/www.savikulma.com\/korvensuu\/myytavana\/kupilka-retkeilyastiat\/\">Kupilka-retkeilyastiat<\/a><\/p>\n","protected":false},"excerpt":{"rendered":"<p>Myymme n\u00e4it\u00e4 tuotteita: Kupilka-retkeilyastiat<\/p>\n","protected":false},"author":1,"featured_media":0,"parent":0,"menu_order":3,"comment_status":"open","ping_status":"open","template":"","meta":{"footnotes":""},"class_list":["post-30","page","type-page","status-publish","hentry"],"_links":{"self":[{"href":"https:\/\/www.savikulma.com\/korvensuu\/wp-json\/wp\/v2\/pages\/30","targetHints":{"allow":["GET"]}}],"collection":[{"href":"https:\/\/www.savikulma.com\/korvensuu\/wp-json\/wp\/v2\/pages"}],"about":[{"href":"https:\/\/www.savikulma.com\/korvensuu\/wp-json\/wp\/v2\/types\/page"}],"author":[{"embeddable":true,"href":"https:\/\/www.savikulma.com\/korvensuu\/wp-json\/wp\/v2\/users\/1"}],"replies":[{"embeddable":true,"href":"https:\/\/www.savikulma.com\/korvensuu\/wp-json\/wp\/v2\/comments?post=30"}],"version-history":[{"count":47,"href":"https:\/\/www.savikulma.com\/korvensuu\/wp-json\/wp\/v2\/pages\/30\/revisions"}],"predecessor-version":[{"id":1415,"href":"https:\/\/www.savikulma.com\/korvensuu\/wp-json\/wp\/v2\/pages\/30\/revisions\/1415"}],"wp:attachment":[{"href":"https:\/\/www.savikulma.com\/korvensuu\/wp-json\/wp\/v2\/media?parent=30"}],"curies":[{"name":"wp","href":"https:\/\/api.w.org\/{rel}","templated":true}]}}