{"id":363,"date":"2017-01-22T15:04:09","date_gmt":"2017-01-22T13:04:09","guid":{"rendered":"http:\/\/www.savikulma.com\/korvensuu\/?page_id=363"},"modified":"2026-02-06T12:46:09","modified_gmt":"2026-02-06T10:46:09","slug":"kupilka-hinnasto","status":"publish","type":"page","link":"https:\/\/www.savikulma.com\/korvensuu\/myytavana\/kupilka-retkeilyastiat\/kupilka-hinnasto\/","title":{"rendered":"KUPILKA-hinnasto"},"content":{"rendered":"<p><strong>Savikulman hinnasto 2026: Kupilka-retkeilyastiat ja -tuotteet<br \/>\n<\/strong><\/p>\n<p>Kupilka-astioiden ja tulustikun v\u00e4rivaihtoehdot: l\u00e4mpim\u00e4n ruskea original, pehme\u00e4sti punertava karpalo, kes\u00e4isesti vihert\u00e4v\u00e4 havu, mystisen sininen mustikka ja j\u00e4nnitt\u00e4v\u00e4n mustanharmaa kelo.<br \/>\n<img loading=\"lazy\" decoding=\"async\" class=\"size-full wp-image-1155 alignleft\" src=\"https:\/\/www.savikulma.com\/korvensuu\/wp-content\/uploads\/2021\/07\/kupilka-5-varia.jpg\" alt=\"\" width=\"600\" height=\"240\" srcset=\"https:\/\/www.savikulma.com\/korvensuu\/wp-content\/uploads\/2021\/07\/kupilka-5-varia.jpg 600w, https:\/\/www.savikulma.com\/korvensuu\/wp-content\/uploads\/2021\/07\/kupilka-5-varia-300x120.jpg 300w, https:\/\/www.savikulma.com\/korvensuu\/wp-content\/uploads\/2021\/07\/kupilka-5-varia-500x200.jpg 500w\" sizes=\"auto, (max-width: 600px) 100vw, 600px\" \/><\/p>\n<p>&nbsp;<\/p>\n\n<table id=\"tablepress-3\" class=\"tablepress tablepress-id-3\">\n<tbody class=\"row-striping\">\n<tr class=\"row-1\">\n\t<td class=\"column-1\"><\/td><td class=\"column-2\"><b>KUPILKA-RETKEILYTUOTTEET<\/b><\/td><td class=\"column-3\"><b>Hinta <\/b><\/td>\n<\/tr>\n<tr class=\"row-2\">\n\t<td class=\"column-1\"><a href=\"http:\/\/www.savikulma.com\/korvensuu\/wp-content\/uploads\/2019\/08\/Kupilka-1-kahvimitta.jpg\"><img loading=\"lazy\" decoding=\"async\" src=\"http:\/\/www.savikulma.com\/korvensuu\/wp-content\/uploads\/2019\/08\/Kupilka-1-kahvimitta.jpg\" alt=\"Kupilka -kahvimitta tai ruokalusikka\" width=\"50\" height=\"50\" class=\"alignleft  wp-image-377\" \/><\/a><\/td><td class=\"column-2\">Kupilka 1 -kahvimitta\/ruokalusikka<\/td><td class=\"column-3\">5,50<\/td>\n<\/tr>\n<tr class=\"row-3\">\n\t<td class=\"column-1\"><a href=\"http:\/\/www.savikulma.com\/korvensuu\/wp-content\/uploads\/2021\/07\/kupilka-1-nahkanauhalla.jpg\"><img loading=\"lazy\" decoding=\"async\" src=\"http:\/\/www.savikulma.com\/korvensuu\/wp-content\/uploads\/2021\/07\/kupilka-1-nahkanauhalla.jpg\" alt=\"Kupilka 1 nahkanauhalla\" width=\"50\" height=\"50\" class=\"alignleft  wp-image-377\" \/><\/a><\/td><td class=\"column-2\">Kupilka 1 nahkanauhalla<\/td><td class=\"column-3\">7,60<\/td>\n<\/tr>\n<tr class=\"row-4\">\n\t<td class=\"column-1\"><a href=\"http:\/\/www.savikulma.com\/korvensuu\/wp-content\/uploads\/2017\/01\/Kupilka-snapsikuppi.jpg\"><img loading=\"lazy\" decoding=\"async\" src=\"http:\/\/www.savikulma.com\/korvensuu\/wp-content\/uploads\/2017\/01\/Kupilka-snapsikuppi.jpg\" alt=\"Kupilka -snapsikuppi\" width=\"50\" height=\"50\" class=\"alignleft wp-image-377\" srcset=\"https:\/\/www.savikulma.com\/korvensuu\/wp-content\/uploads\/2017\/01\/Kupilka-snapsikuppi.jpg 300w, https:\/\/www.savikulma.com\/korvensuu\/wp-content\/uploads\/2017\/01\/Kupilka-snapsikuppi-150x150.jpg 150w\" sizes=\"auto, (max-width: 50px) 100vw, 50px\" \/><\/a><\/td><td class=\"column-2\">Kupilka 5 -snapsikuppi<\/td><td class=\"column-3\">9,60<\/td>\n<\/tr>\n<tr class=\"row-5\">\n\t<td class=\"column-1\"><a href=\"http:\/\/www.savikulma.com\/korvensuu\/wp-content\/uploads\/2019\/05\/Kupilka-juniori-kuksa.jpg\" alt=\"Kupilka-juniorikuksakuppi\"><img loading=\"lazy\" decoding=\"async\" src=\"http:\/\/www.savikulma.com\/korvensuu\/wp-content\/uploads\/2019\/05\/Kupilka-juniori-kuksa.jpg\" alt=\"Kupilka-juniorikuksakuppi\" width=\"50\" height=\"50\" class=\"alignleft wp-image-689\" srcset=\"https:\/\/www.savikulma.com\/korvensuu\/wp-content\/uploads\/2019\/05\/Kupilka-juniori-kuksa.jpg 300w, https:\/\/www.savikulma.com\/korvensuu\/wp-content\/uploads\/2019\/05\/Kupilka-juniori-kuksa-150x150.jpg 150w\" sizes=\"auto, (max-width: 50px) 100vw, 50px\" \/><\/a><\/td><td class=\"column-2\">Kupilka 12 juniori -kuksakuppi<\/td><td class=\"column-3\">14,90<\/td>\n<\/tr>\n<tr class=\"row-6\">\n\t<td class=\"column-1\"><a href=\"http:\/\/www.savikulma.com\/korvensuu\/wp-content\/uploads\/2021\/07\/kupilka-12-muumi.jpg\" alt=\"Kupilka-juniorikuksakuppi\"><img loading=\"lazy\" decoding=\"async\" src=\"http:\/\/www.savikulma.com\/korvensuu\/wp-content\/uploads\/2021\/07\/kupilka-12-muumi.jpg\" alt=\"Kupilka-juniorikuksakuppi\" width=\"50\" height=\"50\" class=\"alignleft wp-image-689\" \/><\/a><\/td><td class=\"column-2\">Kupilka 12 juniori Muumi -kuksakuppi<\/td><td class=\"column-3\">17,50<\/td>\n<\/tr>\n<tr class=\"row-7\">\n\t<td class=\"column-1\"><a href=\"http:\/\/www.savikulma.com\/korvensuu\/wp-content\/uploads\/2017\/01\/Kupilka-kuksakuppi-ja-lusikka.jpg\"><img loading=\"lazy\" decoding=\"async\" src=\"http:\/\/www.savikulma.com\/korvensuu\/wp-content\/uploads\/2017\/01\/Kupilka-kuksakuppi-ja-lusikka.jpg\" alt=\"Kupilka-kuksakuppi ja lusikka\" width=\"50\" height=\"50\" class=\"alignleft wp-image-379\" srcset=\"https:\/\/www.savikulma.com\/korvensuu\/wp-content\/uploads\/2017\/01\/Kupilka-kuksakuppi-ja-lusikka.jpg 300w, https:\/\/www.savikulma.com\/korvensuu\/wp-content\/uploads\/2017\/01\/Kupilka-kuksakuppi-ja-lusikka-150x150.jpg 150w\" sizes=\"auto, (max-width: 50px) 100vw, 50px\" \/><\/a><\/td><td class=\"column-2\">Kupilka 21 -kuksakuppi ja lusikka<\/td><td class=\"column-3\">17,50<\/td>\n<\/tr>\n<tr class=\"row-8\">\n\t<td class=\"column-1\"><a href=\"http:\/\/www.savikulma.com\/korvensuu\/wp-content\/uploads\/2021\/07\/kupilka-21-muumi.jpg\"><img loading=\"lazy\" decoding=\"async\" src=\"http:\/\/www.savikulma.com\/korvensuu\/wp-content\/uploads\/2021\/07\/kupilka-21-muumi.jpg\" alt=\"Kupilka 21 Muumi -kuksakuppi\" width=\"50\" height=\"50\" class=\"alignleft wp-image-379\" \/><\/a><\/td><td class=\"column-2\">Kupilka 21 Muumi -kuksakuppi<\/td><td class=\"column-3\">26,90<\/td>\n<\/tr>\n<tr class=\"row-9\">\n\t<td class=\"column-1\"><a href=\"http:\/\/www.savikulma.com\/korvensuu\/wp-content\/uploads\/2019\/05\/Kupilka-iso-kuksa37.jpg\" alt=\"Kupilka 37 - iso kuksakuppi\"><img loading=\"lazy\" decoding=\"async\" src=\"http:\/\/www.savikulma.com\/korvensuu\/wp-content\/uploads\/2019\/05\/Kupilka-iso-kuksa37.jpg\" alt=\"Kupilka 37 - iso kuksakuppi\" width=\"50\" height=\"50\" class=\"alignleft wp-image-693\" srcset=\"https:\/\/www.savikulma.com\/korvensuu\/wp-content\/uploads\/2019\/05\/Kupilka-iso-kuksa37.jpg 300w, https:\/\/www.savikulma.com\/korvensuu\/wp-content\/uploads\/2019\/05\/Kupilka-iso-kuksa37-150x150.jpg 150w\" sizes=\"auto, (max-width: 50px) 100vw, 50px\" \/><\/a><\/td><td class=\"column-2\">Kupilka 37 - iso kuksakuppi<\/td><td class=\"column-3\">21,90<\/td>\n<\/tr>\n<tr class=\"row-10\">\n\t<td class=\"column-1\"><a href=http:\/\/www.savikulma.com\/korvensuu\/wp-content\/uploads\/2023\/01\/Kupilka-30-muki.jpg><img src=http:\/\/www.savikulma.com\/korvensuu\/wp-content\/uploads\/2023\/01\/Kupilka-30-muki.jpg alt=Kupilka 30 - korkea muki width=50 height=50 class=alignleft wp-image-378 \/><\/a><\/td><td class=\"column-2\">Kupilka 30 - korkea kuppi<\/td><td class=\"column-3\">21,90<\/td>\n<\/tr>\n<tr class=\"row-11\">\n\t<td class=\"column-1\"><a href=\"http:\/\/www.savikulma.com\/korvensuu\/wp-content\/uploads\/2017\/01\/Kupilka-leipalautanen.jpg\"><img loading=\"lazy\" decoding=\"async\" src=\"http:\/\/www.savikulma.com\/korvensuu\/wp-content\/uploads\/2017\/01\/Kupilka-leipalautanen.jpg\" alt=\"Kupilka-leip\u00e4lautanen\" width=\"50\" height=\"50\" class=\"alignleft wp-image-378\" srcset=\"https:\/\/www.savikulma.com\/korvensuu\/wp-content\/uploads\/2017\/01\/Kupilka-leipalautanen.jpg 300w, https:\/\/www.savikulma.com\/korvensuu\/wp-content\/uploads\/2017\/01\/Kupilka-leipalautanen-150x150.jpg 150w\" sizes=\"auto, (max-width: 50px) 100vw, 50px\" \/><\/a><\/td><td class=\"column-2\">Kupilka 14 -leip\u00e4lautanen<\/td><td class=\"column-3\">11,30<\/td>\n<\/tr>\n<tr class=\"row-12\">\n\t<td class=\"column-1\"><a href=\"http:\/\/www.savikulma.com\/korvensuu\/wp-content\/uploads\/2017\/01\/Kupilka-lautanen.jpg\"><img loading=\"lazy\" decoding=\"async\" src=\"http:\/\/www.savikulma.com\/korvensuu\/wp-content\/uploads\/2017\/01\/Kupilka-lautanen.jpg\" alt=\"Kupilka-lautanen\" width=\"50\" height=\"50\" class=\"alignleft wp-image-380\" srcset=\"https:\/\/www.savikulma.com\/korvensuu\/wp-content\/uploads\/2017\/01\/Kupilka-lautanen.jpg 300w, https:\/\/www.savikulma.com\/korvensuu\/wp-content\/uploads\/2017\/01\/Kupilka-lautanen-150x150.jpg 150w\" sizes=\"auto, (max-width: 50px) 100vw, 50px\" \/><\/a><\/td><td class=\"column-2\">Kupilka 44 -lautanen<\/td><td class=\"column-3\">24,10<\/td>\n<\/tr>\n<tr class=\"row-13\">\n\t<td class=\"column-1\"><a href=\"http:\/\/www.savikulma.com\/korvensuu\/wp-content\/uploads\/2017\/01\/Kupilka-keittokulho.jpg\"><img loading=\"lazy\" decoding=\"async\" src=\"http:\/\/www.savikulma.com\/korvensuu\/wp-content\/uploads\/2017\/01\/Kupilka-keittokulho.jpg\" alt=\"Kupilka-keittokulho\" width=\"50\" height=\"50\" class=\"alignleft wp-image-381\" srcset=\"https:\/\/www.savikulma.com\/korvensuu\/wp-content\/uploads\/2017\/01\/Kupilka-keittokulho.jpg 300w, https:\/\/www.savikulma.com\/korvensuu\/wp-content\/uploads\/2017\/01\/Kupilka-keittokulho-150x150.jpg 150w\" sizes=\"auto, (max-width: 50px) 100vw, 50px\" \/><\/a><\/td><td class=\"column-2\">Kupilka 55 -keittokulho<\/td><td class=\"column-3\">21,90<\/td>\n<\/tr>\n<tr class=\"row-14\">\n\t<td class=\"column-1\"><a href=\"http:\/\/www.savikulma.com\/korvensuu\/wp-content\/uploads\/2023\/01\/Kupilka-33-keittokulho-junior.jpg\"><img loading=\"lazy\" decoding=\"async\" src=\"http:\/\/www.savikulma.com\/korvensuu\/wp-content\/uploads\/2023\/01\/Kupilka-33-keittokulho-junior.jpg\" alt=\"Kupilka 33 juniori keittokulho\" width=\"50\" height=\"50\" class=\"alignleft wp-image-378\" \/><\/a><\/td><td class=\"column-2\">Kupilka 33 juniori -keittokulho<\/td><td class=\"column-3\">20,90<\/td>\n<\/tr>\n<tr class=\"row-15\">\n\t<td class=\"column-1\"><a href=\"http:\/\/www.savikulma.com\/korvensuu\/wp-content\/uploads\/2017\/01\/Kupilka-aterimet.jpg\"><img loading=\"lazy\" decoding=\"async\" src=\"http:\/\/www.savikulma.com\/korvensuu\/wp-content\/uploads\/2017\/01\/Kupilka-aterimet.jpg\" alt=\"Kupilka-aterimet\" width=\"50\" height=\"50\" class=\"alignleft wp-image-382\" srcset=\"https:\/\/www.savikulma.com\/korvensuu\/wp-content\/uploads\/2017\/01\/Kupilka-aterimet.jpg 300w, https:\/\/www.savikulma.com\/korvensuu\/wp-content\/uploads\/2017\/01\/Kupilka-aterimet-150x150.jpg 150w\" sizes=\"auto, (max-width: 50px) 100vw, 50px\" \/><\/a><\/td><td class=\"column-2\">Kupilka-aterimet<\/td><td class=\"column-3\">11,90<\/td>\n<\/tr>\n<tr class=\"row-16\">\n\t<td class=\"column-1\"><a href=\"http:\/\/www.savikulma.com\/korvensuu\/wp-content\/uploads\/2017\/01\/Kupilka-lusikkahaarukka.jpg\"><img loading=\"lazy\" decoding=\"async\" src=\"http:\/\/www.savikulma.com\/korvensuu\/wp-content\/uploads\/2017\/01\/Kupilka-lusikkahaarukka.jpg\" alt=\"Kupilka-lusikkahaarukka\" width=\"50\" height=\"50\" class=\"alignleft wp-image-383\" srcset=\"https:\/\/www.savikulma.com\/korvensuu\/wp-content\/uploads\/2017\/01\/Kupilka-lusikkahaarukka.jpg 300w, https:\/\/www.savikulma.com\/korvensuu\/wp-content\/uploads\/2017\/01\/Kupilka-lusikkahaarukka-150x150.jpg 150w\" sizes=\"auto, (max-width: 50px) 100vw, 50px\" \/><\/a><\/td><td class=\"column-2\">Kupilka-lusikkahaarukka 225<\/td><td class=\"column-3\">7,20<\/td>\n<\/tr>\n<tr class=\"row-17\">\n\t<td class=\"column-1\"><a href=\"http:\/\/www.savikulma.com\/korvensuu\/wp-content\/uploads\/2017\/01\/Kupilka-puukko-MC650.jpg\"><img loading=\"lazy\" decoding=\"async\" src=\"http:\/\/www.savikulma.com\/korvensuu\/wp-content\/uploads\/2017\/01\/Kupilka-puukko-MC650.jpg\" alt=\"Kupilka-puukko MC 650\" width=\"50\" height=\"50\" class=\"alignleft wp-image-384\" srcset=\"https:\/\/www.savikulma.com\/korvensuu\/wp-content\/uploads\/2017\/01\/Kupilka-puukko-MC650.jpg 300w, https:\/\/www.savikulma.com\/korvensuu\/wp-content\/uploads\/2017\/01\/Kupilka-puukko-MC650-150x150.jpg 150w\" sizes=\"auto, (max-width: 50px) 100vw, 50px\" \/><\/a><\/td><td class=\"column-2\">Kupilka-puukko MC 650<\/td><td class=\"column-3\">82,50<\/td>\n<\/tr>\n<tr class=\"row-18\">\n\t<td class=\"column-1\"><a href=\"http:\/\/www.savikulma.com\/korvensuu\/wp-content\/uploads\/2017\/01\/Kupilka-puukko-LS850.jpg\"><img loading=\"lazy\" decoding=\"async\" src=\"http:\/\/www.savikulma.com\/korvensuu\/wp-content\/uploads\/2017\/01\/Kupilka-puukko-LS850.jpg\" alt=\"Kupilka-puukko LS 850\" width=\"50\" height=\"50\" class=\"alignleft wp-image-385\" srcset=\"https:\/\/www.savikulma.com\/korvensuu\/wp-content\/uploads\/2017\/01\/Kupilka-puukko-LS850.jpg 300w, https:\/\/www.savikulma.com\/korvensuu\/wp-content\/uploads\/2017\/01\/Kupilka-puukko-LS850-150x150.jpg 150w\" sizes=\"auto, (max-width: 50px) 100vw, 50px\" \/><\/a><\/td><td class=\"column-2\">Kupilka-puukko LS 850<\/td><td class=\"column-3\">102,50<\/td>\n<\/tr>\n<tr class=\"row-19\">\n\t<td class=\"column-1\"><a href=\"http:\/\/www.savikulma.com\/korvensuu\/wp-content\/uploads\/2019\/05\/Kupilka-tulustikku8.jpg\" alt=\"Kupilka-tulustikku\"><img loading=\"lazy\" decoding=\"async\" src=\"http:\/\/www.savikulma.com\/korvensuu\/wp-content\/uploads\/2019\/05\/Kupilka-tulustikku8.jpg\" alt=\"Kupilka-tulustikku\" width=\"50\" height=\"50\" class=\"alignleft wp-image-691\" srcset=\"https:\/\/www.savikulma.com\/korvensuu\/wp-content\/uploads\/2019\/05\/Kupilka-tulustikku8.jpg 300w, https:\/\/www.savikulma.com\/korvensuu\/wp-content\/uploads\/2019\/05\/Kupilka-tulustikku8-150x150.jpg 150w\" sizes=\"auto, (max-width: 50px) 100vw, 50px\" \/><\/a><\/td><td class=\"column-2\">Tulustikku 8<\/td><td class=\"column-3\">18,50<\/td>\n<\/tr>\n<tr class=\"row-20\">\n\t<td class=\"column-1\"><a href=\"http:\/\/www.savikulma.com\/korvensuu\/wp-content\/uploads\/2019\/05\/Kupilka-lahjapakkaus-Premium-s.jpg\" alt=\"Lahjapakkaus Kupilka Premium s\"><img loading=\"lazy\" decoding=\"async\" src=\"http:\/\/www.savikulma.com\/korvensuu\/wp-content\/uploads\/2019\/05\/Kupilka-lahjapakkaus-Premium-s.jpg\" alt=\"Lahjapakkaus Kupilka Premium s\" width=\"50\" height=\"50\" class=\"alignleft  wp-image-711\" srcset=\"https:\/\/www.savikulma.com\/korvensuu\/wp-content\/uploads\/2019\/05\/Kupilka-lahjapakkaus-Premium-s.jpg 300w, https:\/\/www.savikulma.com\/korvensuu\/wp-content\/uploads\/2019\/05\/Kupilka-lahjapakkaus-Premium-s-150x150.jpg 150w\" sizes=\"auto, (max-width: 50px) 100vw, 50px\" \/><\/a><\/td><td class=\"column-2\">Lahjapakkaus Premium S<\/td><td class=\"column-3\">60,50<\/td>\n<\/tr>\n<tr class=\"row-21\">\n\t<td class=\"column-1\"><a href=\"http:\/\/www.savikulma.com\/korvensuu\/wp-content\/uploads\/2019\/05\/Kupilka-lahjapakkaus-Premium.jpg\" alt=\"Lahjapakkaus Kupilka Premium\"><img loading=\"lazy\" decoding=\"async\" src=\"http:\/\/www.savikulma.com\/korvensuu\/wp-content\/uploads\/2019\/05\/Kupilka-lahjapakkaus-Premium.jpg\" alt=\"Lahjapakkaus Kupilka Premium\" width=\"50\" height=\"50\" class=\"alignleft wp-image-713\" srcset=\"https:\/\/www.savikulma.com\/korvensuu\/wp-content\/uploads\/2019\/05\/Kupilka-lahjapakkaus-Premium.jpg 300w, https:\/\/www.savikulma.com\/korvensuu\/wp-content\/uploads\/2019\/05\/Kupilka-lahjapakkaus-Premium-150x150.jpg 150w\" sizes=\"auto, (max-width: 50px) 100vw, 50px\" \/><\/a><\/td><td class=\"column-2\">Lahjapakkaus Premium<\/td><td class=\"column-3\">99,00<\/td>\n<\/tr>\n<tr class=\"row-22\">\n\t<td class=\"column-1\"><a href=\"http:\/\/www.savikulma.com\/korvensuu\/wp-content\/uploads\/2019\/05\/Kupilka-lahjapakkaus-Platinum.jpg\" alt=\"Lahjapakkaus Kupilka Platinum\"><img loading=\"lazy\" decoding=\"async\" src=\"http:\/\/www.savikulma.com\/korvensuu\/wp-content\/uploads\/2019\/05\/Kupilka-lahjapakkaus-Platinum.jpg\" alt=\"Lahjapakkaus Kupilka Platinum\" width=\"50\" height=\"50\" class=\"alignleft wp-image-715\" srcset=\"https:\/\/www.savikulma.com\/korvensuu\/wp-content\/uploads\/2019\/05\/Kupilka-lahjapakkaus-Platinum.jpg 300w, https:\/\/www.savikulma.com\/korvensuu\/wp-content\/uploads\/2019\/05\/Kupilka-lahjapakkaus-Platinum-150x150.jpg 150w\" sizes=\"auto, (max-width: 50px) 100vw, 50px\" \/><\/a><\/td><td class=\"column-2\">Lahjapakkaus Platinum<\/td><td class=\"column-3\">165,00<\/td>\n<\/tr>\n<tr class=\"row-23\">\n\t<td class=\"column-1\"><a href=\"http:\/\/www.savikulma.com\/korvensuu\/wp-content\/uploads\/2017\/01\/Kupilka-kaiverrus.jpg\"><img loading=\"lazy\" decoding=\"async\" src=\"http:\/\/www.savikulma.com\/korvensuu\/wp-content\/uploads\/2017\/01\/Kupilka-kaiverrus.jpg\" alt=\"Kaiverrus Kupilka-tuotteeseen\" width=\"50\" height=\"50\" class=\"alignleft wp-image-387\" srcset=\"https:\/\/www.savikulma.com\/korvensuu\/wp-content\/uploads\/2017\/01\/Kupilka-kaiverrus.jpg 300w, https:\/\/www.savikulma.com\/korvensuu\/wp-content\/uploads\/2017\/01\/Kupilka-kaiverrus-150x150.jpg 150w\" sizes=\"auto, (max-width: 50px) 100vw, 50px\" \/><\/a><\/td><td class=\"column-2\">Kaiverrukset<\/td><td class=\"column-3\">4,00\/kpl<\/td>\n<\/tr>\n<\/tbody>\n<\/table>\n<!-- #tablepress-3 from cache -->\n<p><strong>Virallinen j\u00e4lleenmyyj\u00e4:<\/strong><br \/>\n<strong> Savikulman talli<\/strong><br \/>\n<strong> Suorsalantie 40, 23100 Myn\u00e4m\u00e4ki<\/strong><br \/>\n<a href=\"mailto:savikulmantalli@gmail.com\"><strong> savikulmantalli@gmail.com<\/strong><\/a><br \/>\n<strong> 0400-517865<\/strong><\/p>\n","protected":false},"excerpt":{"rendered":"<p>Savikulman hinnasto 2026: Kupilka-retkeilyastiat ja -tuotteet Kupilka-astioiden ja tulustikun v\u00e4rivaihtoehdot: l\u00e4mpim\u00e4n ruskea original, pehme\u00e4sti punertava karpalo, kes\u00e4isesti vihert\u00e4v\u00e4 havu, mystisen sininen mustikka ja j\u00e4nnitt\u00e4v\u00e4n mustanharmaa kelo. &nbsp; Virallinen j\u00e4lleenmyyj\u00e4: Savikulman talli Suorsalantie 40, 23100 Myn\u00e4m\u00e4ki savikulmantalli@gmail.com 0400-517865<\/p>\n","protected":false},"author":1,"featured_media":395,"parent":265,"menu_order":0,"comment_status":"closed","ping_status":"closed","template":"","meta":{"footnotes":""},"class_list":["post-363","page","type-page","status-publish","has-post-thumbnail","hentry"],"_links":{"self":[{"href":"https:\/\/www.savikulma.com\/korvensuu\/wp-json\/wp\/v2\/pages\/363","targetHints":{"allow":["GET"]}}],"collection":[{"href":"https:\/\/www.savikulma.com\/korvensuu\/wp-json\/wp\/v2\/pages"}],"about":[{"href":"https:\/\/www.savikulma.com\/korvensuu\/wp-json\/wp\/v2\/types\/page"}],"author":[{"embeddable":true,"href":"https:\/\/www.savikulma.com\/korvensuu\/wp-json\/wp\/v2\/users\/1"}],"replies":[{"embeddable":true,"href":"https:\/\/www.savikulma.com\/korvensuu\/wp-json\/wp\/v2\/comments?post=363"}],"version-history":[{"count":28,"href":"https:\/\/www.savikulma.com\/korvensuu\/wp-json\/wp\/v2\/pages\/363\/revisions"}],"predecessor-version":[{"id":1424,"href":"https:\/\/www.savikulma.com\/korvensuu\/wp-json\/wp\/v2\/pages\/363\/revisions\/1424"}],"up":[{"embeddable":true,"href":"https:\/\/www.savikulma.com\/korvensuu\/wp-json\/wp\/v2\/pages\/265"}],"wp:featuredmedia":[{"embeddable":true,"href":"https:\/\/www.savikulma.com\/korvensuu\/wp-json\/wp\/v2\/media\/395"}],"wp:attachment":[{"href":"https:\/\/www.savikulma.com\/korvensuu\/wp-json\/wp\/v2\/media?parent=363"}],"curies":[{"name":"wp","href":"https:\/\/api.w.org\/{rel}","templated":true}]}}