{"id":453,"date":"2017-04-14T08:52:55","date_gmt":"2017-04-14T05:52:55","guid":{"rendered":"http:\/\/www.savikulma.com\/korvensuu\/?page_id=453"},"modified":"2018-07-10T10:19:51","modified_gmt":"2018-07-10T07:19:51","slug":"savikulman-puutarha","status":"publish","type":"page","link":"https:\/\/www.savikulma.com\/korvensuu\/elamaa-savikulmalla\/savikulman-puutarha\/","title":{"rendered":"Savikulman puutarha"},"content":{"rendered":"<p><span style=\"color: #008000;\"><strong>Savikulman puutarhan tarina<\/strong><\/span><\/p>\n<p>T\u00e4m\u00e4 on pieni tarina siit\u00e4, miten kaupunkilaisesta parvekelaatikkoviljelij\u00e4st\u00e4 kuoriutuu aivan kuin vahingossa intohimoinen puutarhan harrastaja.<\/p>\n<p>Ja kaikki l\u00e4hti siit\u00e4, kun ensimm\u00e4isen kerran vuonna 2010 loppukes\u00e4ll\u00e4 n\u00e4imme Savikulman tontin ensimm\u00e4ist\u00e4 kertaa, eik\u00e4 siin\u00e4 todellakaan ollut aiemmin edes ollut mit\u00e4\u00e4n puutarhan tapaista. Tontilla kasvoi pajuviidakko ja kaiken niilt\u00e4 vapaan tilan peittiv\u00e4t horsmat, nokkoset ja pujot.<\/p>\n<p>Saha, viikate, raivausveitsi ja harava tulivat tutuiksi alkuaikoina. Ostimme halvan k\u00e4ytetyn ruohonleikkurin, ja sill\u00e4 aloimme leikkaamaan rantaniitty\u00e4. Menih\u00e4n siin\u00e4 kolme k\u00e4ytetty\u00e4 leikkuria, ennen kuin alue alkoi n\u00e4ytt\u00e4\u00e4 nurmikolta.<\/p>\n<p>Koska tonttimme on eritt\u00e4in kivinen, niin emme voisi k\u00e4ytt\u00e4\u00e4 orjallisesti mit\u00e4\u00e4n puutarhasuunnitelmaa; itse asiassa sellaista ei ole edes tehty. Vaistolla ja visiolla ollaan menty ja osaksi kivien pakottamana istutusalueet ovat muotoutuneet\u00a0 niille sijoilleen miss\u00e4 ne nyt ovat. Kivist\u00e4 on tullut my\u00f6s olennainen osa puutarhaamme, ja ne ovatkin monen mielest\u00e4 hienointa mit\u00e4 on, sammaleen pehment\u00e4mine pintoineen.<\/p>\n<p>Koska suuren osan ajastamme ja rahoistamme vie rakennusten kunnostaminen, tuntui luontevalta koota puutarhaan tulevat kasvit siemenist\u00e4, jakopaloista, lahjakasveista, juurakoista, luonnosta ja jopa ihmisten roskikseen heitt\u00e4mist\u00e4 kasveista. Niinp\u00e4 Savikulman puutarhassa kasvavat \u00e4idin puutarhasta tuodut juhannus- ja valamonruusut, liljat, ruusuangervot, patjarikot, mehit\u00e4hdet ja monet muut aarteet. Mummolan peruja ovat kauniina hehkuvat jalop\u00e4hk\u00e4m\u00f6t.<\/p>\n<p>Entisen m\u00f6kkimme pihapiirist\u00e4 siirtyi alkuina keltap\u00e4iv\u00e4nliljoja, kultapiiskua, valkonarsissia, siperiankurjenmiekkaa ja syreenej\u00e4. Lis\u00e4ksi olemme saaneet ihanilta vierailtamme monia hienoja perennojen jakopaloja tuliaisiksi.<\/p>\n<p>Koska Savikulma sijaitsee Korvensuun Konepajamuseon rakennusten naapurissa, p\u00e4\u00e4timme rakentaa ja kunnostaa sek\u00e4 rakennukset ett\u00e4 puutarhan vanhaan milj\u00f6\u00f6seen sopivalla tavalla. Siksip\u00e4 meid\u00e4n puutarhassamme ei l\u00f6ydy suoria tuija-aitoja eik\u00e4 muita moderneja viivasuoria istutuksia. Olemme halunneet luoda mummolamaista maisemaa perinnekasvein ja siihen sopivin kalustein ja ruukuin. Lis\u00e4ksi olemme s\u00e4\u00e4st\u00e4neet osan rantaniityst\u00e4 luonnonvaraiseen tilaan ja siell\u00e4 kasvavat hienosti keltakurjenmiekka, rantakukka, rantat\u00e4dyke, ranta-alpi, mesiangervo ja monet muut luonnonkukat.<\/p>\n<p>Yst\u00e4v\u00e4llinen naapurimme k\u00e4\u00e4nsi meille my\u00f6s kasvimaan, ja iloisena yll\u00e4tyksen\u00e4 huomasimme siin\u00e4 olevan paksun kerroksen mustaa, muhevaa multaa. Kes\u00e4ll\u00e4<br \/>\nsaamme maaltamme tuoreina perunat, sipulit, salaatit, tillit, punajuuret ja mit\u00e4 sinne aina kunakin vuonna tulee laitettuakaan. Ihmisen pieni\u00e4 luksushetki\u00e4 kes\u00e4ll\u00e4 on, kun pesee rantahietikolla pieni\u00e4, valkoisia uusia perunoita!<\/p>\n<p>Olemme avanneet puutarhamme my\u00f6s vierailijoille Avoimet puutarhat -p\u00e4iv\u00e4n\u00e4. On aina mukavaa saada vaihtaa kokemuksia ja vinkkej\u00e4 alan harrastajien kansa.<\/p>\n<p style=\"text-align: center;\"><strong><span style=\"color: #008000;\">Tervetuloa taas kes\u00e4ll\u00e4!<\/span><\/strong> \ud83d\ude00<\/p>\n<p><img loading=\"lazy\" decoding=\"async\" class=\"aligncenter size-full wp-image-457\" src=\"https:\/\/www.savikulma.com\/korvensuu\/wp-content\/uploads\/2017\/04\/kukkia4.jpg\" alt=\"\" width=\"500\" height=\"371\" srcset=\"https:\/\/www.savikulma.com\/korvensuu\/wp-content\/uploads\/2017\/04\/kukkia4.jpg 500w, https:\/\/www.savikulma.com\/korvensuu\/wp-content\/uploads\/2017\/04\/kukkia4-300x223.jpg 300w, https:\/\/www.savikulma.com\/korvensuu\/wp-content\/uploads\/2017\/04\/kukkia4-404x300.jpg 404w\" sizes=\"auto, (max-width: 500px) 100vw, 500px\" \/><\/p>\n<p><img loading=\"lazy\" decoding=\"async\" class=\"aligncenter size-full wp-image-459\" src=\"https:\/\/www.savikulma.com\/korvensuu\/wp-content\/uploads\/2017\/04\/kukkia2.jpg\" alt=\"\" width=\"500\" height=\"370\" srcset=\"https:\/\/www.savikulma.com\/korvensuu\/wp-content\/uploads\/2017\/04\/kukkia2.jpg 500w, https:\/\/www.savikulma.com\/korvensuu\/wp-content\/uploads\/2017\/04\/kukkia2-300x222.jpg 300w, https:\/\/www.savikulma.com\/korvensuu\/wp-content\/uploads\/2017\/04\/kukkia2-405x300.jpg 405w\" sizes=\"auto, (max-width: 500px) 100vw, 500px\" \/><\/p>\n<p><img loading=\"lazy\" decoding=\"async\" class=\"aligncenter size-full wp-image-460\" src=\"https:\/\/www.savikulma.com\/korvensuu\/wp-content\/uploads\/2017\/04\/kukkia3.jpg\" alt=\"\" width=\"500\" height=\"368\" srcset=\"https:\/\/www.savikulma.com\/korvensuu\/wp-content\/uploads\/2017\/04\/kukkia3.jpg 500w, https:\/\/www.savikulma.com\/korvensuu\/wp-content\/uploads\/2017\/04\/kukkia3-300x221.jpg 300w, https:\/\/www.savikulma.com\/korvensuu\/wp-content\/uploads\/2017\/04\/kukkia3-408x300.jpg 408w\" sizes=\"auto, (max-width: 500px) 100vw, 500px\" \/><\/p>\n<p align=\"center\"><iframe loading=\"lazy\" style=\"border: none; overflow: hidden;\" src=\"https:\/\/www.facebook.com\/plugins\/video.php?href=https%3A%2F%2Fwww.facebook.com%2FSavikulma%2Fvideos%2F1285982581437398%2F&amp;show_text=0&amp;width=560\" width=\"560\" height=\"315\" frameborder=\"0\" scrolling=\"no\" allowfullscreen=\"allowfullscreen\"><\/iframe><\/p>\n","protected":false},"excerpt":{"rendered":"<p>Savikulman puutarhan tarina T\u00e4m\u00e4 on pieni tarina siit\u00e4, miten kaupunkilaisesta parvekelaatikkoviljelij\u00e4st\u00e4 kuoriutuu aivan kuin vahingossa intohimoinen puutarhan harrastaja. Ja kaikki l\u00e4hti siit\u00e4, kun ensimm\u00e4isen kerran vuonna 2010 loppukes\u00e4ll\u00e4 n\u00e4imme Savikulman tontin ensimm\u00e4ist\u00e4 kertaa, eik\u00e4 siin\u00e4 todellakaan ollut aiemmin edes ollut &hellip; <a href=\"https:\/\/www.savikulma.com\/korvensuu\/elamaa-savikulmalla\/savikulman-puutarha\/\">Lue loppuun <span class=\"meta-nav\">&rarr;<\/span><\/a><\/p>\n","protected":false},"author":1,"featured_media":466,"parent":56,"menu_order":2,"comment_status":"closed","ping_status":"closed","template":"","meta":{"footnotes":""},"class_list":["post-453","page","type-page","status-publish","has-post-thumbnail","hentry"],"_links":{"self":[{"href":"https:\/\/www.savikulma.com\/korvensuu\/wp-json\/wp\/v2\/pages\/453","targetHints":{"allow":["GET"]}}],"collection":[{"href":"https:\/\/www.savikulma.com\/korvensuu\/wp-json\/wp\/v2\/pages"}],"about":[{"href":"https:\/\/www.savikulma.com\/korvensuu\/wp-json\/wp\/v2\/types\/page"}],"author":[{"embeddable":true,"href":"https:\/\/www.savikulma.com\/korvensuu\/wp-json\/wp\/v2\/users\/1"}],"replies":[{"embeddable":true,"href":"https:\/\/www.savikulma.com\/korvensuu\/wp-json\/wp\/v2\/comments?post=453"}],"version-history":[{"count":9,"href":"https:\/\/www.savikulma.com\/korvensuu\/wp-json\/wp\/v2\/pages\/453\/revisions"}],"predecessor-version":[{"id":584,"href":"https:\/\/www.savikulma.com\/korvensuu\/wp-json\/wp\/v2\/pages\/453\/revisions\/584"}],"up":[{"embeddable":true,"href":"https:\/\/www.savikulma.com\/korvensuu\/wp-json\/wp\/v2\/pages\/56"}],"wp:featuredmedia":[{"embeddable":true,"href":"https:\/\/www.savikulma.com\/korvensuu\/wp-json\/wp\/v2\/media\/466"}],"wp:attachment":[{"href":"https:\/\/www.savikulma.com\/korvensuu\/wp-json\/wp\/v2\/media?parent=453"}],"curies":[{"name":"wp","href":"https:\/\/api.w.org\/{rel}","templated":true}]}}