{"id":58,"date":"2015-07-13T09:13:55","date_gmt":"2015-07-13T06:13:55","guid":{"rendered":"http:\/\/www.savikulma.com\/korvensuu\/?page_id=58"},"modified":"2016-04-16T11:15:20","modified_gmt":"2016-04-16T08:15:20","slug":"huvilaelamaa-hevostallissa","status":"publish","type":"page","link":"https:\/\/www.savikulma.com\/korvensuu\/elamaa-savikulmalla\/huvilaelamaa-hevostallissa\/","title":{"rendered":"Huvilael\u00e4m\u00e4\u00e4 hevostallissa"},"content":{"rendered":"<p><img loading=\"lazy\" decoding=\"async\" class=\"alignnone wp-image-61 size-full\" title=\"Savikulma kes\u00e4ll\u00e4 2015\" src=\"https:\/\/www.savikulma.com\/korvensuu\/wp-content\/uploads\/2015\/07\/Savikulma-2015.jpg\" alt=\"Savikulma kes\u00e4ll\u00e4 2015\" width=\"550\" height=\"389\" srcset=\"https:\/\/www.savikulma.com\/korvensuu\/wp-content\/uploads\/2015\/07\/Savikulma-2015.jpg 550w, https:\/\/www.savikulma.com\/korvensuu\/wp-content\/uploads\/2015\/07\/Savikulma-2015-300x212.jpg 300w, https:\/\/www.savikulma.com\/korvensuu\/wp-content\/uploads\/2015\/07\/Savikulma-2015-424x300.jpg 424w\" sizes=\"auto, (max-width: 550px) 100vw, 550px\" \/><\/p>\n<p>Huvilahistoriamme Myn\u00e4m\u00e4ell\u00e4 Korvensuussa alkoi vuonna 2010, kun sattumalta p\u00e4\u00e4dyimme ostamaan Laajoen varrella, Korvensuun kosken partaalla olevan kiinteist\u00f6n.<\/p>\n<p>Nykyinen m\u00f6kkimme on rakennettu aikoinaan Korvensuun Konetehtaan hevosille suojaksi. Savesta rakennetut sein\u00e4t ovat kest\u00e4neet yhden vuosisadan el\u00e4m\u00e4n ja antavat meille nyt 60 senttimetrin paksuudelta l\u00e4mp\u00f6\u00e4 ja \u00e4\u00e4nieristyst\u00e4.<\/p>\n<p>K\u00e4velless\u00e4mme ensimm\u00e4ist\u00e4 kertaa tontillemme meit\u00e4 odottivat huonokuntoiset rakennukset ja t\u00e4ysin vesakoitunut ja heinittynyt maasto.<\/p>\n<p>Kapean polun p\u00e4\u00e4ss\u00e4 meit\u00e4 odotti kuitenkin tonttimme aarre: uimapaikaksi soveltuva suvanto johon koski laskee useampaa uomaa pitkin. Se oli rakkautta ensi silm\u00e4yksell\u00e4. N\u00e4imme jo mieless\u00e4mme mit\u00e4 t\u00e4st\u00e4 kaikesta voisi tulla ja niin sitten sit\u00e4 l\u00e4hdimme rohkeasti toteuttamaan. Emme toki ole unohtaneet niit\u00e4 monia ep\u00e4uskoisia ilmeit\u00e4 joita meihin luotiin kun ilmoitimme, ett\u00e4 t\u00e4st\u00e4p\u00e4 sit\u00e4 tulee upea ja tunnelmallinen kes\u00e4huvilamme.<\/p>\n<p>Ensimm\u00e4iseksi aloitimme tontin raivauksen huonokuntoisista puista ja vesakoista. Niitimme hein\u00e4\u00e4 ja raivasimme romua ja roskia pois. N\u00e4in meni loppukes\u00e4 2010.<\/p>\n<p>Talven vedimme henke\u00e4 ja teimme suunnitelmia seuraavalle kes\u00e4lle. Kes\u00e4ll\u00e4 2011 meille valmistui entiseen kanalaan makuuhuone ja navetan eteiseen tupakeitti\u00f6. Keittokomerosta on tarkoitus tulevaisuudessa tehd\u00e4 sis\u00e4vessa ja tuvasta tulee eteistila. Ostimme rantaan pienen saunan ja huussi l\u00f6ysi paikkansa puutallin p\u00e4\u00e4st\u00e4.<\/p>\n<p>My\u00f6s puutarhassa tapahtui; yst\u00e4v\u00e4joukko saapui talkoisiin ja p\u00e4iv\u00e4ss\u00e4 t\u00e4ytimme puutarhasta ja rakennuksista l\u00f6ytyneell\u00e4 romulla yhden kontin pois viet\u00e4v\u00e4ksi. Ensimm\u00e4isi\u00e4 istutuksiakin tehtiin. Olin tehnyt ensimm\u00e4isen suunnitelman (ja t\u00e4ss\u00e4 kohtaa t\u00e4ytyy kertoa ett\u00e4 suunnitelmat ovat meill\u00e4 tehty muutettaviksi) ja p\u00e4\u00e4tt\u00e4nyt istuttaa vain muutaman kukkivan pensaan. Siis todella helppohoitoista ja yksinkertaista. Pensaita ja perennoja alkoi kuitenkin kertym\u00e4\u00e4n lahjoituksina, jakopaloina, juurakoina, sipuleina, siemenin\u00e4, puhumattakaan niist\u00e4 monista tontilla l\u00f6ytyneist\u00e4 luonnonkukista, joten istutusalueet alkoivat muodostua kuin huomaamatta.<\/p>\n<p>Tosin ihan huomaamatta t\u00e4lle tontille on aivan mahdotonta istuttaa, niin kivinen on maasto. Jokaisella lapionpistolla tulee vastaan vaihtelevan kokoisia kivi\u00e4. Koot vaihtelevat nyrkin kokoisesta vasikan kokoiseen, joten istutuskuopat on kaivettu siihen kohtaan mihin ne on pystytty. Siit\u00e4p\u00e4 varmaan onkin vahingossa syntynyt sellainen luonnonmukainen vaikutelma puutarhaamme.<\/p>\n<p>Kasvivalikoima on tarkoituksella pyritty pit\u00e4m\u00e4\u00e4n \u201dvanhanaikaisena\u201d. Perinteisi\u00e4 kasveja on mm. juhannus- ja Valamon ruusu, pihasyreenit, p\u00e4iv\u00e4nliljat, s\u00e4rkynyt syd\u00e4n, kuunliljat ja sipulikukat.<\/p>\n<p>2012 p\u00e4\u00e4timme tehd\u00e4 m\u00f6kin etel\u00e4seinustalle v\u00e4liaikaisen pation. Levitimme siell\u00e4 olleen vanhan lantakasan tontille ja k\u00e4rr\u00e4simme kottik\u00e4rrykaupalla soraa tilalle. Ja pitih\u00e4n siihenkin viereen tehd\u00e4 kukkamaa jotta patiolla olisi kaunista katseltavaa koskimaiseman lis\u00e4ksi.<\/p>\n<p>Pystytimme my\u00f6s puuliiterin jonka maalasimme 2013 kev\u00e4\u00e4ll\u00e4.<\/p>\n<p>2013 valmistui my\u00f6s kes\u00e4huone puutalliin, siell\u00e4 on mukava k\u00e4yd\u00e4 p\u00e4iv\u00e4nokosilla ja lueskelemassa. Sateella p\u00e4rekatto vaimentaa ropinan mukavan nukuttavaksi.<br \/>\n2014 uusimme m\u00f6kin ulkolaudoitusta ja maalasimme sen. Lis\u00e4ksi talovanhukselle on pit\u00e4nyt tehd\u00e4 uusia tukirakenteita jotta \u201dsein\u00e4t eiv\u00e4t kaadu p\u00e4\u00e4lle ja katto putoa niskaan\u201d. Tulevan tupakeitti\u00f6n lattia piikattiin auki ja siihen tehtiin uusi valu.<\/p>\n<p>Puutarhassa ei 2012-2014 tehty mit\u00e4\u00e4n ihmeellist\u00e4. Kasvit saivat rehev\u00f6ity\u00e4 ja kasvaa. Niit\u00e4 kyll\u00e4 siirreltiin tarpeen (halujen) mukaan ja jaettiin, jotta niitten lukum\u00e4\u00e4r\u00e4 kasvaisi. Terijoen salavat, jotka olivat saaneet alkunsa yhdest\u00e4 piiskaoksasta alkoivat n\u00e4ytt\u00e4\u00e4 jo oikeilta puilta ja \u00e4idin laatoituksen v\u00e4leihin siement\u00e4neet ruusuangervot voimistua lavakauluksissa.<\/p>\n<p>2015 kev\u00e4\u00e4ll\u00e4 melkein koko puutarha jouduttiin kaivamaan yl\u00f6s uuden saunan tielt\u00e4. 1800-luvun riihen hirsist\u00e4 valmistettu sauna kuljetettiin tontillemme kokonaisena huhtikuun lopulla ja vesi- ja viem\u00e4r\u00f6intit\u00f6iden ja saunan pohjan kaivuun seurauksena puutarhaamme halkoi 1,5 metri\u00e4 syv\u00e4t kaivanteet ja v\u00e4liaikainen mursketie. Elimme muutaman viikon ajan siirtolapuutarhael\u00e4m\u00e4\u00e4 kun kasvit oli kaivettu ruukkuihin, perunamaalle evakkoon tai nostettu juuripaakkuina yl\u00f6s turvaan. Vapun p\u00e4iv\u00e4n\u00e4 tilanne oli pahimmillaan mutta jo parin viikon kuluttua siit\u00e4 muutaman ahkeran p\u00e4iv\u00e4n j\u00e4lkeen perennat, pensaat ja sipulikukat oli palautettu paikoilleen ja nurmikkokylv\u00f6 odotti sateita. Ja niit\u00e4h\u00e4n on t\u00e4n\u00e4 kes\u00e4n\u00e4 riitt\u00e4nyt, joten nurmikko viheri\u00f6i tuuheana ja hyv\u00e4t juuripaakut ovat antaneet perennoille hyv\u00e4n alun kasvuun.<\/p>\n<p>2015 kes\u00e4ll\u00e4 rakennusprojektina on viel\u00e4 joen puoleisen p\u00e4\u00e4dyn laudoittaminen ja ikkunoiden asennus, maalausta, ja muuta pient\u00e4 laittoa mit\u00e4 ikin\u00e4 onkaan pakko tai halu tehd\u00e4.<\/p>\n<p>28.6.2015 p\u00e4\u00e4timme avata puutarhamme ja huvilamme ovet Avoimet Puutarhat -p\u00e4iv\u00e4n\u00e4.<\/p>\n<p>4.7.2015 suvijuhlat sukulaisille, yst\u00e4ville ja kyl\u00e4nmiehille. Tuplasyntt\u00e4rit. \ud83d\ude42<\/p>\n","protected":false},"excerpt":{"rendered":"<p>Huvilahistoriamme Myn\u00e4m\u00e4ell\u00e4 Korvensuussa alkoi vuonna 2010, kun sattumalta p\u00e4\u00e4dyimme ostamaan Laajoen varrella, Korvensuun kosken partaalla olevan kiinteist\u00f6n. Nykyinen m\u00f6kkimme on rakennettu aikoinaan Korvensuun Konetehtaan hevosille suojaksi. Savesta rakennetut sein\u00e4t ovat kest\u00e4neet yhden vuosisadan el\u00e4m\u00e4n ja antavat meille nyt 60 senttimetrin &hellip; <a href=\"https:\/\/www.savikulma.com\/korvensuu\/elamaa-savikulmalla\/huvilaelamaa-hevostallissa\/\">Lue loppuun <span class=\"meta-nav\">&rarr;<\/span><\/a><\/p>\n","protected":false},"author":1,"featured_media":0,"parent":56,"menu_order":0,"comment_status":"open","ping_status":"open","template":"","meta":{"footnotes":""},"class_list":["post-58","page","type-page","status-publish","hentry"],"_links":{"self":[{"href":"https:\/\/www.savikulma.com\/korvensuu\/wp-json\/wp\/v2\/pages\/58","targetHints":{"allow":["GET"]}}],"collection":[{"href":"https:\/\/www.savikulma.com\/korvensuu\/wp-json\/wp\/v2\/pages"}],"about":[{"href":"https:\/\/www.savikulma.com\/korvensuu\/wp-json\/wp\/v2\/types\/page"}],"author":[{"embeddable":true,"href":"https:\/\/www.savikulma.com\/korvensuu\/wp-json\/wp\/v2\/users\/1"}],"replies":[{"embeddable":true,"href":"https:\/\/www.savikulma.com\/korvensuu\/wp-json\/wp\/v2\/comments?post=58"}],"version-history":[{"count":7,"href":"https:\/\/www.savikulma.com\/korvensuu\/wp-json\/wp\/v2\/pages\/58\/revisions"}],"predecessor-version":[{"id":155,"href":"https:\/\/www.savikulma.com\/korvensuu\/wp-json\/wp\/v2\/pages\/58\/revisions\/155"}],"up":[{"embeddable":true,"href":"https:\/\/www.savikulma.com\/korvensuu\/wp-json\/wp\/v2\/pages\/56"}],"wp:attachment":[{"href":"https:\/\/www.savikulma.com\/korvensuu\/wp-json\/wp\/v2\/media?parent=58"}],"curies":[{"name":"wp","href":"https:\/\/api.w.org\/{rel}","templated":true}]}}